{"id":430,"date":"2023-01-18T16:48:27","date_gmt":"2023-01-18T16:48:27","guid":{"rendered":"https:\/\/fabianosecuador.com\/?post_type=product&#038;p=430"},"modified":"2024-10-17T09:10:20","modified_gmt":"2024-10-17T14:10:20","slug":"hawaiian-pizza","status":"publish","type":"product","link":"https:\/\/fabianosecuador.com\/es\/producto\/hawaiian-pizza\/","title":{"rendered":"Pizza hawaiana"},"content":{"rendered":"<p><span data-verified=\"redactor\" data-redactor-tag=\"span\" data-redactor-style=\"font-size: medium;\"><strong data-redactor-tag=\"strong\">Ingredientes:<\/strong><\/span><\/p>\n<ul>\n<li>Pi\u00f1a<\/li>\n<li>Jam\u00f3n<\/li>\n<li>Tocino<\/li>\n<\/ul>\n<hr \/>\n<p><span lang=\"ES-EC\" data-verified=\"redactor\" data-redactor-tag=\"span\" data-redactor-style=\"font-size: medium; line-height: 115%; font-family: arial,helvetica,sans-serif;\"><strong data-redactor-tag=\"strong\">Ingredientes:<\/strong><\/span><\/p>\n<ul>\n<li><span lang=\"ES-EC\" data-verified=\"redactor\" data-redactor-tag=\"span\" data-redactor-style=\"font-size: medium; line-height: 115%; font-family: arial,helvetica,sans-serif;\">Pi\u00f1a<\/span><\/li>\n<li><span lang=\"ES-EC\" data-verified=\"redactor\" data-redactor-tag=\"span\" data-redactor-style=\"font-size: medium; line-height: 115%; font-family: arial,helvetica,sans-serif;\">Jam\u00f3n<\/span><\/li>\n<li><span lang=\"ES-EC\" data-verified=\"redactor\" data-redactor-tag=\"span\" data-redactor-style=\"font-size: medium; line-height: 115%; font-family: arial,helvetica,sans-serif;\">Tocino<\/span><\/li>\n<\/ul>","protected":false},"excerpt":{"rendered":"<p>Ingredientes: Pi\u00f1a Jam\u00f3n Tocino Ingredientes: Pi\u00f1a Jam\u00f3n Tocino<\/p>","protected":false},"featured_media":749,"template":"","meta":{"_et_pb_use_builder":"","_et_pb_old_content":"","_et_gb_content_width":""},"product_brand":[],"product_cat":[16],"product_tag":[],"class_list":{"0":"post-430","1":"product","2":"type-product","3":"status-publish","4":"has-post-thumbnail","6":"product_cat-pizza","8":"first","9":"instock","10":"taxable","11":"shipping-taxable","12":"purchasable","13":"product-type-variable"},"_links":{"self":[{"href":"https:\/\/fabianosecuador.com\/es\/wp-json\/wp\/v2\/product\/430","targetHints":{"allow":["GET"]}}],"collection":[{"href":"https:\/\/fabianosecuador.com\/es\/wp-json\/wp\/v2\/product"}],"about":[{"href":"https:\/\/fabianosecuador.com\/es\/wp-json\/wp\/v2\/types\/product"}],"wp:featuredmedia":[{"embeddable":true,"href":"https:\/\/fabianosecuador.com\/es\/wp-json\/wp\/v2\/media\/749"}],"wp:attachment":[{"href":"https:\/\/fabianosecuador.com\/es\/wp-json\/wp\/v2\/media?parent=430"}],"wp:term":[{"taxonomy":"product_brand","embeddable":true,"href":"https:\/\/fabianosecuador.com\/es\/wp-json\/wp\/v2\/product_brand?post=430"},{"taxonomy":"product_cat","embeddable":true,"href":"https:\/\/fabianosecuador.com\/es\/wp-json\/wp\/v2\/product_cat?post=430"},{"taxonomy":"product_tag","embeddable":true,"href":"https:\/\/fabianosecuador.com\/es\/wp-json\/wp\/v2\/product_tag?post=430"}],"curies":[{"name":"wp","href":"https:\/\/api.w.org\/{rel}","templated":true}]}}